{"id":893,"date":"2020-04-20T14:54:19","date_gmt":"2020-04-20T14:54:19","guid":{"rendered":"https:\/\/becreative.ee\/?post_type=product&#038;p=893"},"modified":"2024-02-25T11:38:20","modified_gmt":"2024-02-25T11:38:20","slug":"long-semilla-grosso","status":"publish","type":"product","link":"https:\/\/becreative.ee\/en\/product\/long-semilla-grosso\/","title":{"rendered":"L\u00f5ng Semilla Grosso"},"content":{"rendered":"<p>L\u00f5ng: 100% puhas vill<\/p>\n<p>V\u00e4rv: erinevad v\u00e4rvid<\/p>\n<p>Varda suurus: 5 &#8211; 7 mm<\/p>\n<p>Heegeln\u00f5ela suurus: 5 &#8211; 7 mm<\/p>\n<p>Kaal: 50 g<\/p>\n<p>L\u00f5nga pikkus: 80 m<\/p>\n<p>\u00dche M suuruses naiste kampsuni kudumiseks kulub ligikaudu 600 g l\u00f5nga.<\/p>\n<p>&nbsp;<\/p>\n<p>Pesujuhised:<\/p>\n<p><img decoding=\"async\" class=\"alignnone size-full wp-image-879\" src=\"https:\/\/becreative.ee\/wp-content\/uploads\/2020\/04\/k\u00e4sitsipesu.png\" alt=\"\" width=\"50\" height=\"50\" \/> <img decoding=\"async\" class=\"alignnone size-full wp-image-298\" src=\"https:\/\/becreative.ee\/wp-content\/uploads\/2020\/03\/trummelkuivatus_keelatud.png\" alt=\"\" width=\"50\" height=\"50\" \/> <img decoding=\"async\" class=\"alignnone size-full wp-image-1014\" src=\"https:\/\/becreative.ee\/wp-content\/uploads\/2020\/04\/pesumajale_antav_teave_pesuvahendi_tekstiili_kohta.png\" alt=\"\" width=\"50\" height=\"50\" \/> <img loading=\"lazy\" decoding=\"async\" class=\"alignnone size-full wp-image-1015\" src=\"https:\/\/becreative.ee\/wp-content\/uploads\/2020\/04\/triikimine__tapp.png\" alt=\"\" width=\"50\" height=\"50\" \/><\/p>\n<p>&nbsp;<\/p>\n<p>Semilla Grosso l\u00f5ng on valmistatud 100% orgaanilisest villast mida on kasvatatud, kedratud ja v\u00e4rvitud keskkonnas\u00e4\u00e4stlikul viisil. Luksuslik villane l\u00f5ng sobib suurep\u00e4raselt laste ja t\u00e4iskasvanute kudumite ja aksessuaaride valmistamiseks.<\/p>\n<p>&nbsp;<\/p>\n<p>Toodetud Taanis<\/p>","protected":false},"excerpt":{"rendered":"<p>L\u00f5ng: 100% puhas vill<\/p>\n<p>V\u00e4rv: erinevad v\u00e4rvid<\/p>\n<p>Varda suurus: 5 &#8211; 7 mm<\/p>\n<p>Heegeln\u00f5ela suurus: 5 &#8211; 7 mm<\/p>\n<p>Kaal: 50 g<\/p>\n<p>L\u00f5nga pikkus: 80 m<\/p>\n<p>\u00dche M suuruses naiste kampsuni kudumiseks kulub ligikaudu 600 g l\u00f5nga.<\/p>","protected":false},"featured_media":1362,"template":"","meta":[],"product_brand":[],"product_cat":[267,263,23,60],"product_tag":[24],"class_list":{"0":"post-893","1":"product","2":"type-product","3":"status-publish","4":"has-post-thumbnail","6":"product_cat-bc-garn","7":"product_cat-brandid","8":"product_cat-longad","9":"product_cat-villane-long","10":"product_tag-long","12":"first","13":"instock","14":"taxable","15":"shipping-taxable","16":"purchasable","17":"product-type-variable"},"jetpack_sharing_enabled":true,"_links":{"self":[{"href":"https:\/\/becreative.ee\/en\/wp-json\/wp\/v2\/product\/893","targetHints":{"allow":["GET"]}}],"collection":[{"href":"https:\/\/becreative.ee\/en\/wp-json\/wp\/v2\/product"}],"about":[{"href":"https:\/\/becreative.ee\/en\/wp-json\/wp\/v2\/types\/product"}],"version-history":[{"count":3,"href":"https:\/\/becreative.ee\/en\/wp-json\/wp\/v2\/product\/893\/revisions"}],"predecessor-version":[{"id":1279,"href":"https:\/\/becreative.ee\/en\/wp-json\/wp\/v2\/product\/893\/revisions\/1279"}],"wp:featuredmedia":[{"embeddable":true,"href":"https:\/\/becreative.ee\/en\/wp-json\/wp\/v2\/media\/1362"}],"wp:attachment":[{"href":"https:\/\/becreative.ee\/en\/wp-json\/wp\/v2\/media?parent=893"}],"wp:term":[{"taxonomy":"product_brand","embeddable":true,"href":"https:\/\/becreative.ee\/en\/wp-json\/wp\/v2\/product_brand?post=893"},{"taxonomy":"product_cat","embeddable":true,"href":"https:\/\/becreative.ee\/en\/wp-json\/wp\/v2\/product_cat?post=893"},{"taxonomy":"product_tag","embeddable":true,"href":"https:\/\/becreative.ee\/en\/wp-json\/wp\/v2\/product_tag?post=893"}],"curies":[{"name":"wp","href":"https:\/\/api.w.org\/{rel}","templated":true}]}}